{"id":1060,"date":"2019-03-13T10:56:47","date_gmt":"2019-03-13T09:56:47","guid":{"rendered":"http:\/\/lagunafiorita.it\/progettazione-giardini-e-terrazze-venezia\/"},"modified":"2023-11-01T17:28:39","modified_gmt":"2023-11-01T16:28:39","slug":"progettazione-giardini-e-terrazze-venezia","status":"publish","type":"page","link":"https:\/\/lagunafiorita.it\/en\/progettazione-giardini-e-terrazze-venezia\/","title":{"rendered":"Progettazione Giardini E Terrazze Venezia"},"content":{"rendered":"<p><img loading=\"lazy\" decoding=\"async\" class=\"alignright wp-image-176 \" src=\"http:\/\/lagunafiorita.it\/wp-content\/uploads\/2022\/09\/MANUTENZIONE-GIARDINI.jpg\" alt=\"Progettazione di Giardini e Terrazze a Venezia | Laguna Fiorita\" width=\"342\" height=\"246\" data-id=\"176\">Laguna Fiorita \u00e8 una cooperativa nata a Venezia, nel 1992. La passione per questo lavoro ci ha spinto a offrire da pi\u00f9 di vent&#8217;anni servizi di qualit\u00e0 e di grande impegno, con un unico scopo: soddisfare al massimo le esigenze e i desideri dei clienti con servizi su misura di <strong>progettazione<\/strong> e realizzazione <strong>giardini e terrazze<\/strong> a regola d&#8217;arte.<\/p>\n<h2><strong>Perch\u00e9 scegliere noi?<\/strong><\/h2>\n<p>La nostra passione per questo lavoro, la professionalit\u00e0 e la seriet\u00e0 dimostrata in tantissime realizzazioni di giardini e terrazze \u00e8 una garanzia per chi cerca lavorazioni di qualit\u00e0 ed esperti con esperienza che garantiscano la realizzazione di un giardino bello, non solo in primavera ma durante tutto l\u2019anno.<\/p>\n<p><strong>Siamo a tua disposizione per qualsiasi informazione.<\/strong><\/p>\n<p>Tel. <a href=\"tel:+39 041 5244097\">+39 041 5244097<\/a><br \/>\nE-mail: <a href=\"mailto:vivaio@lagunafiorita.191.it\">vivaio@lagunafiorita.191.it<\/a><br \/>\nIndirizzo: Fondamenta dell&#8217;Abbazia Cannaregio, 3546 &#8211; 30121 &#8211; Venezia (VE), ITALIA<\/p>\n","protected":false},"excerpt":{"rendered":"<p>Laguna Fiorita \u00e8 una cooperativa nata a Venezia, nel 1992. La passione per questo lavoro ci ha spinto a offrire da pi\u00f9 di vent&#8217;anni servizi di qualit\u00e0 e di grande impegno, con un unico scopo: soddisfare al massimo le esigenze e i desideri dei clienti con servizi su misura di progettazione e realizzazione giardini e [&hellip;]<\/p>\n","protected":false},"author":1,"featured_media":0,"parent":0,"menu_order":0,"comment_status":"closed","ping_status":"closed","template":"","meta":{"_et_pb_use_builder":"","_et_pb_old_content":"","_et_gb_content_width":"","ngg_post_thumbnail":0,"footnotes":""},"class_list":["post-1060","page","type-page","status-publish","hentry"],"yoast_head":"<!-- This site is optimized with the Yoast SEO plugin v27.3 - https:\/\/yoast.com\/product\/yoast-seo-wordpress\/ -->\n<title>Progettazione di Giardini e Terrazze a Venezia | Laguna Fiorita<\/title>\n<meta name=\"description\" content=\"Se stai cercando esperti di piante e giardini scegli Laguna Fiorita: azienda leader nella progettazione di giardini e terrazze a Venezia. I nostri tecnici specializzati sono una garanzia per chi cerca un lavoro di qualit\u00e0. Entra nel sito per saperne di pi\u00f9!\" \/>\n<meta name=\"robots\" content=\"index, follow, max-snippet:-1, max-image-preview:large, max-video-preview:-1\" \/>\n<link rel=\"canonical\" href=\"https:\/\/lagunafiorita.it\/en\/progettazione-giardini-e-terrazze-venezia\/\" \/>\n<meta property=\"og:locale\" content=\"en_US\" \/>\n<meta property=\"og:type\" content=\"article\" \/>\n<meta property=\"og:title\" content=\"Progettazione di Giardini e Terrazze a Venezia | Laguna Fiorita\" \/>\n<meta property=\"og:description\" content=\"Se stai cercando esperti di piante e giardini scegli Laguna Fiorita: azienda leader nella progettazione di giardini e terrazze a Venezia. I nostri tecnici specializzati sono una garanzia per chi cerca un lavoro di qualit\u00e0. Entra nel sito per saperne di pi\u00f9!\" \/>\n<meta property=\"og:url\" content=\"https:\/\/lagunafiorita.it\/en\/progettazione-giardini-e-terrazze-venezia\/\" \/>\n<meta property=\"og:site_name\" content=\"Laguna Fiorita Onlus\" \/>\n<meta property=\"article:modified_time\" content=\"2023-11-01T16:28:39+00:00\" \/>\n<meta property=\"og:image\" content=\"http:\/\/lagunafiorita.it\/wp-content\/uploads\/2022\/09\/MANUTENZIONE-GIARDINI.jpg\" \/>\n<meta name=\"twitter:card\" content=\"summary_large_image\" \/>\n<meta name=\"twitter:label1\" content=\"Est. reading time\" \/>\n\t<meta name=\"twitter:data1\" content=\"1 minute\" \/>\n<script type=\"application\/ld+json\" class=\"yoast-schema-graph\">{\"@context\":\"https:\\\/\\\/schema.org\",\"@graph\":[{\"@type\":\"WebPage\",\"@id\":\"https:\\\/\\\/lagunafiorita.it\\\/en\\\/progettazione-giardini-e-terrazze-venezia\\\/\",\"url\":\"https:\\\/\\\/lagunafiorita.it\\\/en\\\/progettazione-giardini-e-terrazze-venezia\\\/\",\"name\":\"Progettazione di Giardini e Terrazze a Venezia | Laguna Fiorita\",\"isPartOf\":{\"@id\":\"https:\\\/\\\/lagunafiorita.it\\\/#website\"},\"primaryImageOfPage\":{\"@id\":\"https:\\\/\\\/lagunafiorita.it\\\/en\\\/progettazione-giardini-e-terrazze-venezia\\\/#primaryimage\"},\"image\":{\"@id\":\"https:\\\/\\\/lagunafiorita.it\\\/en\\\/progettazione-giardini-e-terrazze-venezia\\\/#primaryimage\"},\"thumbnailUrl\":\"http:\\\/\\\/lagunafiorita.it\\\/wp-content\\\/uploads\\\/2022\\\/09\\\/MANUTENZIONE-GIARDINI.jpg\",\"datePublished\":\"2019-03-13T09:56:47+00:00\",\"dateModified\":\"2023-11-01T16:28:39+00:00\",\"description\":\"Se stai cercando esperti di piante e giardini scegli Laguna Fiorita: azienda leader nella progettazione di giardini e terrazze a Venezia. I nostri tecnici specializzati sono una garanzia per chi cerca un lavoro di qualit\u00e0. Entra nel sito per saperne di pi\u00f9!\",\"breadcrumb\":{\"@id\":\"https:\\\/\\\/lagunafiorita.it\\\/en\\\/progettazione-giardini-e-terrazze-venezia\\\/#breadcrumb\"},\"inLanguage\":\"en-US\",\"potentialAction\":[{\"@type\":\"ReadAction\",\"target\":[\"https:\\\/\\\/lagunafiorita.it\\\/en\\\/progettazione-giardini-e-terrazze-venezia\\\/\"]}]},{\"@type\":\"ImageObject\",\"inLanguage\":\"en-US\",\"@id\":\"https:\\\/\\\/lagunafiorita.it\\\/en\\\/progettazione-giardini-e-terrazze-venezia\\\/#primaryimage\",\"url\":\"http:\\\/\\\/lagunafiorita.it\\\/wp-content\\\/uploads\\\/2022\\\/09\\\/MANUTENZIONE-GIARDINI.jpg\",\"contentUrl\":\"http:\\\/\\\/lagunafiorita.it\\\/wp-content\\\/uploads\\\/2022\\\/09\\\/MANUTENZIONE-GIARDINI.jpg\"},{\"@type\":\"BreadcrumbList\",\"@id\":\"https:\\\/\\\/lagunafiorita.it\\\/en\\\/progettazione-giardini-e-terrazze-venezia\\\/#breadcrumb\",\"itemListElement\":[{\"@type\":\"ListItem\",\"position\":1,\"name\":\"Home\",\"item\":\"https:\\\/\\\/lagunafiorita.it\\\/en\\\/\"},{\"@type\":\"ListItem\",\"position\":2,\"name\":\"Progettazione Giardini E Terrazze Venezia\"}]},{\"@type\":\"WebSite\",\"@id\":\"https:\\\/\\\/lagunafiorita.it\\\/#website\",\"url\":\"https:\\\/\\\/lagunafiorita.it\\\/\",\"name\":\"Cooperativa Sociale Laguna Fiorita ONLUS\",\"description\":\"Il vostro giardino nel cuore di Venezia\",\"publisher\":{\"@id\":\"https:\\\/\\\/lagunafiorita.it\\\/#organization\"},\"potentialAction\":[{\"@type\":\"SearchAction\",\"target\":{\"@type\":\"EntryPoint\",\"urlTemplate\":\"https:\\\/\\\/lagunafiorita.it\\\/?s={search_term_string}\"},\"query-input\":{\"@type\":\"PropertyValueSpecification\",\"valueRequired\":true,\"valueName\":\"search_term_string\"}}],\"inLanguage\":\"en-US\"},{\"@type\":\"Organization\",\"@id\":\"https:\\\/\\\/lagunafiorita.it\\\/#organization\",\"name\":\"Cooperativa Sociale Laguna Fiorita ONLUS\",\"url\":\"https:\\\/\\\/lagunafiorita.it\\\/\",\"logo\":{\"@type\":\"ImageObject\",\"inLanguage\":\"en-US\",\"@id\":\"https:\\\/\\\/lagunafiorita.it\\\/#\\\/schema\\\/logo\\\/image\\\/\",\"url\":\"http:\\\/\\\/lagunafiorita.it\\\/wp-content\\\/uploads\\\/2022\\\/09\\\/logo.png\",\"contentUrl\":\"http:\\\/\\\/lagunafiorita.it\\\/wp-content\\\/uploads\\\/2022\\\/09\\\/logo.png\",\"width\":471,\"height\":133,\"caption\":\"Cooperativa Sociale Laguna Fiorita ONLUS\"},\"image\":{\"@id\":\"https:\\\/\\\/lagunafiorita.it\\\/#\\\/schema\\\/logo\\\/image\\\/\"}}]}<\/script>\n<!-- \/ Yoast SEO plugin. -->","yoast_head_json":{"title":"Progettazione di Giardini e Terrazze a Venezia | Laguna Fiorita","description":"Se stai cercando esperti di piante e giardini scegli Laguna Fiorita: azienda leader nella progettazione di giardini e terrazze a Venezia. I nostri tecnici specializzati sono una garanzia per chi cerca un lavoro di qualit\u00e0. Entra nel sito per saperne di pi\u00f9!","robots":{"index":"index","follow":"follow","max-snippet":"max-snippet:-1","max-image-preview":"max-image-preview:large","max-video-preview":"max-video-preview:-1"},"canonical":"https:\/\/lagunafiorita.it\/en\/progettazione-giardini-e-terrazze-venezia\/","og_locale":"en_US","og_type":"article","og_title":"Progettazione di Giardini e Terrazze a Venezia | Laguna Fiorita","og_description":"Se stai cercando esperti di piante e giardini scegli Laguna Fiorita: azienda leader nella progettazione di giardini e terrazze a Venezia. I nostri tecnici specializzati sono una garanzia per chi cerca un lavoro di qualit\u00e0. Entra nel sito per saperne di pi\u00f9!","og_url":"https:\/\/lagunafiorita.it\/en\/progettazione-giardini-e-terrazze-venezia\/","og_site_name":"Laguna Fiorita Onlus","article_modified_time":"2023-11-01T16:28:39+00:00","og_image":[{"url":"http:\/\/lagunafiorita.it\/wp-content\/uploads\/2022\/09\/MANUTENZIONE-GIARDINI.jpg","type":"","width":"","height":""}],"twitter_card":"summary_large_image","twitter_misc":{"Est. reading time":"1 minute"},"schema":{"@context":"https:\/\/schema.org","@graph":[{"@type":"WebPage","@id":"https:\/\/lagunafiorita.it\/en\/progettazione-giardini-e-terrazze-venezia\/","url":"https:\/\/lagunafiorita.it\/en\/progettazione-giardini-e-terrazze-venezia\/","name":"Progettazione di Giardini e Terrazze a Venezia | Laguna Fiorita","isPartOf":{"@id":"https:\/\/lagunafiorita.it\/#website"},"primaryImageOfPage":{"@id":"https:\/\/lagunafiorita.it\/en\/progettazione-giardini-e-terrazze-venezia\/#primaryimage"},"image":{"@id":"https:\/\/lagunafiorita.it\/en\/progettazione-giardini-e-terrazze-venezia\/#primaryimage"},"thumbnailUrl":"http:\/\/lagunafiorita.it\/wp-content\/uploads\/2022\/09\/MANUTENZIONE-GIARDINI.jpg","datePublished":"2019-03-13T09:56:47+00:00","dateModified":"2023-11-01T16:28:39+00:00","description":"Se stai cercando esperti di piante e giardini scegli Laguna Fiorita: azienda leader nella progettazione di giardini e terrazze a Venezia. I nostri tecnici specializzati sono una garanzia per chi cerca un lavoro di qualit\u00e0. Entra nel sito per saperne di pi\u00f9!","breadcrumb":{"@id":"https:\/\/lagunafiorita.it\/en\/progettazione-giardini-e-terrazze-venezia\/#breadcrumb"},"inLanguage":"en-US","potentialAction":[{"@type":"ReadAction","target":["https:\/\/lagunafiorita.it\/en\/progettazione-giardini-e-terrazze-venezia\/"]}]},{"@type":"ImageObject","inLanguage":"en-US","@id":"https:\/\/lagunafiorita.it\/en\/progettazione-giardini-e-terrazze-venezia\/#primaryimage","url":"http:\/\/lagunafiorita.it\/wp-content\/uploads\/2022\/09\/MANUTENZIONE-GIARDINI.jpg","contentUrl":"http:\/\/lagunafiorita.it\/wp-content\/uploads\/2022\/09\/MANUTENZIONE-GIARDINI.jpg"},{"@type":"BreadcrumbList","@id":"https:\/\/lagunafiorita.it\/en\/progettazione-giardini-e-terrazze-venezia\/#breadcrumb","itemListElement":[{"@type":"ListItem","position":1,"name":"Home","item":"https:\/\/lagunafiorita.it\/en\/"},{"@type":"ListItem","position":2,"name":"Progettazione Giardini E Terrazze Venezia"}]},{"@type":"WebSite","@id":"https:\/\/lagunafiorita.it\/#website","url":"https:\/\/lagunafiorita.it\/","name":"Cooperativa Sociale Laguna Fiorita ONLUS","description":"Il vostro giardino nel cuore di Venezia","publisher":{"@id":"https:\/\/lagunafiorita.it\/#organization"},"potentialAction":[{"@type":"SearchAction","target":{"@type":"EntryPoint","urlTemplate":"https:\/\/lagunafiorita.it\/?s={search_term_string}"},"query-input":{"@type":"PropertyValueSpecification","valueRequired":true,"valueName":"search_term_string"}}],"inLanguage":"en-US"},{"@type":"Organization","@id":"https:\/\/lagunafiorita.it\/#organization","name":"Cooperativa Sociale Laguna Fiorita ONLUS","url":"https:\/\/lagunafiorita.it\/","logo":{"@type":"ImageObject","inLanguage":"en-US","@id":"https:\/\/lagunafiorita.it\/#\/schema\/logo\/image\/","url":"http:\/\/lagunafiorita.it\/wp-content\/uploads\/2022\/09\/logo.png","contentUrl":"http:\/\/lagunafiorita.it\/wp-content\/uploads\/2022\/09\/logo.png","width":471,"height":133,"caption":"Cooperativa Sociale Laguna Fiorita ONLUS"},"image":{"@id":"https:\/\/lagunafiorita.it\/#\/schema\/logo\/image\/"}}]}},"_links":{"self":[{"href":"https:\/\/lagunafiorita.it\/en\/wp-json\/wp\/v2\/pages\/1060","targetHints":{"allow":["GET"]}}],"collection":[{"href":"https:\/\/lagunafiorita.it\/en\/wp-json\/wp\/v2\/pages"}],"about":[{"href":"https:\/\/lagunafiorita.it\/en\/wp-json\/wp\/v2\/types\/page"}],"author":[{"embeddable":true,"href":"https:\/\/lagunafiorita.it\/en\/wp-json\/wp\/v2\/users\/1"}],"replies":[{"embeddable":true,"href":"https:\/\/lagunafiorita.it\/en\/wp-json\/wp\/v2\/comments?post=1060"}],"version-history":[{"count":1,"href":"https:\/\/lagunafiorita.it\/en\/wp-json\/wp\/v2\/pages\/1060\/revisions"}],"predecessor-version":[{"id":1061,"href":"https:\/\/lagunafiorita.it\/en\/wp-json\/wp\/v2\/pages\/1060\/revisions\/1061"}],"wp:attachment":[{"href":"https:\/\/lagunafiorita.it\/en\/wp-json\/wp\/v2\/media?parent=1060"}],"curies":[{"name":"wp","href":"https:\/\/api.w.org\/{rel}","templated":true}]}}