{"id":1062,"date":"2019-03-13T10:58:56","date_gmt":"2019-03-13T09:58:56","guid":{"rendered":"http:\/\/lagunafiorita.it\/pulizia-giardini-venezia\/"},"modified":"2023-11-01T17:28:50","modified_gmt":"2023-11-01T16:28:50","slug":"pulizia-giardini-venezia","status":"publish","type":"page","link":"https:\/\/lagunafiorita.it\/en\/pulizia-giardini-venezia\/","title":{"rendered":"Pulizia Giardini Venezia"},"content":{"rendered":"<p><img loading=\"lazy\" decoding=\"async\" class=\"alignright wp-image-56 \" src=\"http:\/\/lagunafiorita.it\/wp-content\/uploads\/2022\/09\/section2-img1.jpg\" alt=\"Pulizia di Giardini a Venezia | Laguna Fiorita\" width=\"317\" height=\"228\" data-id=\"56\">L&#8217;azienda Laguna Fiorita \u00e8 nota a <strong>Venezia<\/strong> per i servizi di progettazione, realizzazione e manutenzione <strong>giardini<\/strong>. Ci occupiamo da numerosi anni, ormai, di giardini storici ed effettuiamo interventi anche su aree molto degradate. Per venire incontro a qualsiasi esigenza della clientela ci siamo specializzati anche nei servizi di potatura di alberi, oltre ad offrire un&#8217;ampia gamma di piante da arredo e giardino, vasi, sassi decorativi e prodotti per la cura e il nutrimento delle piante.<\/p>\n<h2><strong>Perch\u00e9 scegliere Laguna Fiorita?<\/strong><\/h2>\n<p>La passione per questo lavoro e il desiderio di soddisfare le esigenze e le aspettative dei clienti ci ha spinto ad offrire servizi di alta qualit\u00e0 e professionalit\u00e0. La nostra esperienza nella manutenzione di giardini \u00e8 una garanzia per chi cerca professionisti nella <strong>pulizia di giardini a Venezia<\/strong>.<\/p>\n<p><strong>Contattaci subito per maggiori informazioni! Siamo a disposizione.<\/strong><\/p>\n<p>Tel. <a href=\"tel:+39 041 5244097\">+39 041 5244097<\/a><br \/>\nE-mail: <a href=\"mailto:vivaio@lagunafiorita.191.it\">vivaio@lagunafiorita.191.it<\/a><br \/>\nIndirizzo: Fondamenta dell&#8217;Abbazia Cannaregio, 3546 &#8211; 30121 &#8211; Venezia (VE), ITALIA<\/p>\n","protected":false},"excerpt":{"rendered":"<p>L&#8217;azienda Laguna Fiorita \u00e8 nota a Venezia per i servizi di progettazione, realizzazione e manutenzione giardini. Ci occupiamo da numerosi anni, ormai, di giardini storici ed effettuiamo interventi anche su aree molto degradate. Per venire incontro a qualsiasi esigenza della clientela ci siamo specializzati anche nei servizi di potatura di alberi, oltre ad offrire un&#8217;ampia [&hellip;]<\/p>\n","protected":false},"author":1,"featured_media":0,"parent":0,"menu_order":0,"comment_status":"closed","ping_status":"closed","template":"","meta":{"_et_pb_use_builder":"","_et_pb_old_content":"","_et_gb_content_width":"","ngg_post_thumbnail":0,"footnotes":""},"class_list":["post-1062","page","type-page","status-publish","hentry"],"yoast_head":"<!-- This site is optimized with the Yoast SEO plugin v27.3 - https:\/\/yoast.com\/product\/yoast-seo-wordpress\/ -->\n<title>Pulizia di Giardini a Venezia | Laguna Fiorita<\/title>\n<meta name=\"description\" content=\"Laguna Fiorita \u00e8 un\u2019azienda esperta nella pulizia di giardini a Venezia. Ci occupiamo da numerosi anni di giardini storici ed effettuiamo interventi anche su aree molto degradate. Entra subito nel sito e scopri di pi\u00f9 su di noi!\" \/>\n<meta name=\"robots\" content=\"index, follow, max-snippet:-1, max-image-preview:large, max-video-preview:-1\" \/>\n<link rel=\"canonical\" href=\"https:\/\/lagunafiorita.it\/en\/pulizia-giardini-venezia\/\" \/>\n<meta property=\"og:locale\" content=\"en_US\" \/>\n<meta property=\"og:type\" content=\"article\" \/>\n<meta property=\"og:title\" content=\"Pulizia di Giardini a Venezia | Laguna Fiorita\" \/>\n<meta property=\"og:description\" content=\"Laguna Fiorita \u00e8 un\u2019azienda esperta nella pulizia di giardini a Venezia. Ci occupiamo da numerosi anni di giardini storici ed effettuiamo interventi anche su aree molto degradate. Entra subito nel sito e scopri di pi\u00f9 su di noi!\" \/>\n<meta property=\"og:url\" content=\"https:\/\/lagunafiorita.it\/en\/pulizia-giardini-venezia\/\" \/>\n<meta property=\"og:site_name\" content=\"Laguna Fiorita Onlus\" \/>\n<meta property=\"article:modified_time\" content=\"2023-11-01T16:28:50+00:00\" \/>\n<meta property=\"og:image\" content=\"http:\/\/lagunafiorita.it\/wp-content\/uploads\/2022\/09\/section2-img1.jpg\" \/>\n<meta name=\"twitter:card\" content=\"summary_large_image\" \/>\n<meta name=\"twitter:label1\" content=\"Est. reading time\" \/>\n\t<meta name=\"twitter:data1\" content=\"1 minute\" \/>\n<script type=\"application\/ld+json\" class=\"yoast-schema-graph\">{\"@context\":\"https:\\\/\\\/schema.org\",\"@graph\":[{\"@type\":\"WebPage\",\"@id\":\"https:\\\/\\\/lagunafiorita.it\\\/en\\\/pulizia-giardini-venezia\\\/\",\"url\":\"https:\\\/\\\/lagunafiorita.it\\\/en\\\/pulizia-giardini-venezia\\\/\",\"name\":\"Pulizia di Giardini a Venezia | Laguna Fiorita\",\"isPartOf\":{\"@id\":\"https:\\\/\\\/lagunafiorita.it\\\/#website\"},\"primaryImageOfPage\":{\"@id\":\"https:\\\/\\\/lagunafiorita.it\\\/en\\\/pulizia-giardini-venezia\\\/#primaryimage\"},\"image\":{\"@id\":\"https:\\\/\\\/lagunafiorita.it\\\/en\\\/pulizia-giardini-venezia\\\/#primaryimage\"},\"thumbnailUrl\":\"http:\\\/\\\/lagunafiorita.it\\\/wp-content\\\/uploads\\\/2022\\\/09\\\/section2-img1.jpg\",\"datePublished\":\"2019-03-13T09:58:56+00:00\",\"dateModified\":\"2023-11-01T16:28:50+00:00\",\"description\":\"Laguna Fiorita \u00e8 un\u2019azienda esperta nella pulizia di giardini a Venezia. Ci occupiamo da numerosi anni di giardini storici ed effettuiamo interventi anche su aree molto degradate. Entra subito nel sito e scopri di pi\u00f9 su di noi!\",\"breadcrumb\":{\"@id\":\"https:\\\/\\\/lagunafiorita.it\\\/en\\\/pulizia-giardini-venezia\\\/#breadcrumb\"},\"inLanguage\":\"en-US\",\"potentialAction\":[{\"@type\":\"ReadAction\",\"target\":[\"https:\\\/\\\/lagunafiorita.it\\\/en\\\/pulizia-giardini-venezia\\\/\"]}]},{\"@type\":\"ImageObject\",\"inLanguage\":\"en-US\",\"@id\":\"https:\\\/\\\/lagunafiorita.it\\\/en\\\/pulizia-giardini-venezia\\\/#primaryimage\",\"url\":\"http:\\\/\\\/lagunafiorita.it\\\/wp-content\\\/uploads\\\/2022\\\/09\\\/section2-img1.jpg\",\"contentUrl\":\"http:\\\/\\\/lagunafiorita.it\\\/wp-content\\\/uploads\\\/2022\\\/09\\\/section2-img1.jpg\"},{\"@type\":\"BreadcrumbList\",\"@id\":\"https:\\\/\\\/lagunafiorita.it\\\/en\\\/pulizia-giardini-venezia\\\/#breadcrumb\",\"itemListElement\":[{\"@type\":\"ListItem\",\"position\":1,\"name\":\"Home\",\"item\":\"https:\\\/\\\/lagunafiorita.it\\\/en\\\/\"},{\"@type\":\"ListItem\",\"position\":2,\"name\":\"Pulizia Giardini Venezia\"}]},{\"@type\":\"WebSite\",\"@id\":\"https:\\\/\\\/lagunafiorita.it\\\/#website\",\"url\":\"https:\\\/\\\/lagunafiorita.it\\\/\",\"name\":\"Cooperativa Sociale Laguna Fiorita ONLUS\",\"description\":\"Il vostro giardino nel cuore di Venezia\",\"publisher\":{\"@id\":\"https:\\\/\\\/lagunafiorita.it\\\/#organization\"},\"potentialAction\":[{\"@type\":\"SearchAction\",\"target\":{\"@type\":\"EntryPoint\",\"urlTemplate\":\"https:\\\/\\\/lagunafiorita.it\\\/?s={search_term_string}\"},\"query-input\":{\"@type\":\"PropertyValueSpecification\",\"valueRequired\":true,\"valueName\":\"search_term_string\"}}],\"inLanguage\":\"en-US\"},{\"@type\":\"Organization\",\"@id\":\"https:\\\/\\\/lagunafiorita.it\\\/#organization\",\"name\":\"Cooperativa Sociale Laguna Fiorita ONLUS\",\"url\":\"https:\\\/\\\/lagunafiorita.it\\\/\",\"logo\":{\"@type\":\"ImageObject\",\"inLanguage\":\"en-US\",\"@id\":\"https:\\\/\\\/lagunafiorita.it\\\/#\\\/schema\\\/logo\\\/image\\\/\",\"url\":\"http:\\\/\\\/lagunafiorita.it\\\/wp-content\\\/uploads\\\/2022\\\/09\\\/logo.png\",\"contentUrl\":\"http:\\\/\\\/lagunafiorita.it\\\/wp-content\\\/uploads\\\/2022\\\/09\\\/logo.png\",\"width\":471,\"height\":133,\"caption\":\"Cooperativa Sociale Laguna Fiorita ONLUS\"},\"image\":{\"@id\":\"https:\\\/\\\/lagunafiorita.it\\\/#\\\/schema\\\/logo\\\/image\\\/\"}}]}<\/script>\n<!-- \/ Yoast SEO plugin. -->","yoast_head_json":{"title":"Pulizia di Giardini a Venezia | Laguna Fiorita","description":"Laguna Fiorita \u00e8 un\u2019azienda esperta nella pulizia di giardini a Venezia. Ci occupiamo da numerosi anni di giardini storici ed effettuiamo interventi anche su aree molto degradate. Entra subito nel sito e scopri di pi\u00f9 su di noi!","robots":{"index":"index","follow":"follow","max-snippet":"max-snippet:-1","max-image-preview":"max-image-preview:large","max-video-preview":"max-video-preview:-1"},"canonical":"https:\/\/lagunafiorita.it\/en\/pulizia-giardini-venezia\/","og_locale":"en_US","og_type":"article","og_title":"Pulizia di Giardini a Venezia | Laguna Fiorita","og_description":"Laguna Fiorita \u00e8 un\u2019azienda esperta nella pulizia di giardini a Venezia. Ci occupiamo da numerosi anni di giardini storici ed effettuiamo interventi anche su aree molto degradate. Entra subito nel sito e scopri di pi\u00f9 su di noi!","og_url":"https:\/\/lagunafiorita.it\/en\/pulizia-giardini-venezia\/","og_site_name":"Laguna Fiorita Onlus","article_modified_time":"2023-11-01T16:28:50+00:00","og_image":[{"url":"http:\/\/lagunafiorita.it\/wp-content\/uploads\/2022\/09\/section2-img1.jpg","type":"","width":"","height":""}],"twitter_card":"summary_large_image","twitter_misc":{"Est. reading time":"1 minute"},"schema":{"@context":"https:\/\/schema.org","@graph":[{"@type":"WebPage","@id":"https:\/\/lagunafiorita.it\/en\/pulizia-giardini-venezia\/","url":"https:\/\/lagunafiorita.it\/en\/pulizia-giardini-venezia\/","name":"Pulizia di Giardini a Venezia | Laguna Fiorita","isPartOf":{"@id":"https:\/\/lagunafiorita.it\/#website"},"primaryImageOfPage":{"@id":"https:\/\/lagunafiorita.it\/en\/pulizia-giardini-venezia\/#primaryimage"},"image":{"@id":"https:\/\/lagunafiorita.it\/en\/pulizia-giardini-venezia\/#primaryimage"},"thumbnailUrl":"http:\/\/lagunafiorita.it\/wp-content\/uploads\/2022\/09\/section2-img1.jpg","datePublished":"2019-03-13T09:58:56+00:00","dateModified":"2023-11-01T16:28:50+00:00","description":"Laguna Fiorita \u00e8 un\u2019azienda esperta nella pulizia di giardini a Venezia. Ci occupiamo da numerosi anni di giardini storici ed effettuiamo interventi anche su aree molto degradate. Entra subito nel sito e scopri di pi\u00f9 su di noi!","breadcrumb":{"@id":"https:\/\/lagunafiorita.it\/en\/pulizia-giardini-venezia\/#breadcrumb"},"inLanguage":"en-US","potentialAction":[{"@type":"ReadAction","target":["https:\/\/lagunafiorita.it\/en\/pulizia-giardini-venezia\/"]}]},{"@type":"ImageObject","inLanguage":"en-US","@id":"https:\/\/lagunafiorita.it\/en\/pulizia-giardini-venezia\/#primaryimage","url":"http:\/\/lagunafiorita.it\/wp-content\/uploads\/2022\/09\/section2-img1.jpg","contentUrl":"http:\/\/lagunafiorita.it\/wp-content\/uploads\/2022\/09\/section2-img1.jpg"},{"@type":"BreadcrumbList","@id":"https:\/\/lagunafiorita.it\/en\/pulizia-giardini-venezia\/#breadcrumb","itemListElement":[{"@type":"ListItem","position":1,"name":"Home","item":"https:\/\/lagunafiorita.it\/en\/"},{"@type":"ListItem","position":2,"name":"Pulizia Giardini Venezia"}]},{"@type":"WebSite","@id":"https:\/\/lagunafiorita.it\/#website","url":"https:\/\/lagunafiorita.it\/","name":"Cooperativa Sociale Laguna Fiorita ONLUS","description":"Il vostro giardino nel cuore di Venezia","publisher":{"@id":"https:\/\/lagunafiorita.it\/#organization"},"potentialAction":[{"@type":"SearchAction","target":{"@type":"EntryPoint","urlTemplate":"https:\/\/lagunafiorita.it\/?s={search_term_string}"},"query-input":{"@type":"PropertyValueSpecification","valueRequired":true,"valueName":"search_term_string"}}],"inLanguage":"en-US"},{"@type":"Organization","@id":"https:\/\/lagunafiorita.it\/#organization","name":"Cooperativa Sociale Laguna Fiorita ONLUS","url":"https:\/\/lagunafiorita.it\/","logo":{"@type":"ImageObject","inLanguage":"en-US","@id":"https:\/\/lagunafiorita.it\/#\/schema\/logo\/image\/","url":"http:\/\/lagunafiorita.it\/wp-content\/uploads\/2022\/09\/logo.png","contentUrl":"http:\/\/lagunafiorita.it\/wp-content\/uploads\/2022\/09\/logo.png","width":471,"height":133,"caption":"Cooperativa Sociale Laguna Fiorita ONLUS"},"image":{"@id":"https:\/\/lagunafiorita.it\/#\/schema\/logo\/image\/"}}]}},"_links":{"self":[{"href":"https:\/\/lagunafiorita.it\/en\/wp-json\/wp\/v2\/pages\/1062","targetHints":{"allow":["GET"]}}],"collection":[{"href":"https:\/\/lagunafiorita.it\/en\/wp-json\/wp\/v2\/pages"}],"about":[{"href":"https:\/\/lagunafiorita.it\/en\/wp-json\/wp\/v2\/types\/page"}],"author":[{"embeddable":true,"href":"https:\/\/lagunafiorita.it\/en\/wp-json\/wp\/v2\/users\/1"}],"replies":[{"embeddable":true,"href":"https:\/\/lagunafiorita.it\/en\/wp-json\/wp\/v2\/comments?post=1062"}],"version-history":[{"count":1,"href":"https:\/\/lagunafiorita.it\/en\/wp-json\/wp\/v2\/pages\/1062\/revisions"}],"predecessor-version":[{"id":1063,"href":"https:\/\/lagunafiorita.it\/en\/wp-json\/wp\/v2\/pages\/1062\/revisions\/1063"}],"wp:attachment":[{"href":"https:\/\/lagunafiorita.it\/en\/wp-json\/wp\/v2\/media?parent=1062"}],"curies":[{"name":"wp","href":"https:\/\/api.w.org\/{rel}","templated":true}]}}